{"id":4,"date":"2018-08-08T14:44:43","date_gmt":"2018-08-08T14:44:43","guid":{"rendered":"https:\/\/demo.crocoblock.com\/powedris\/?page_id=4"},"modified":"2021-03-29T18:52:52","modified_gmt":"2021-03-29T21:52:52","slug":"home","status":"publish","type":"page","link":"https:\/\/jornaldaregiao.com\/ajustes\/","title":{"rendered":"Home"},"content":{"rendered":"\t\t<div data-elementor-type=\"wp-post\" data-elementor-id=\"4\" class=\"elementor elementor-4\">\n\t\t\t\t\t\t<section class=\"elementor-section elementor-top-section elementor-element elementor-element-dbfe041 elementor-section-boxed elementor-section-height-default elementor-section-height-default\" data-id=\"dbfe041\" data-element_type=\"section\">\n\t\t\t\t\t\t<div class=\"elementor-container elementor-column-gap-default\">\n\t\t\t\t\t<div class=\"elementor-column elementor-col-100 elementor-top-column elementor-element elementor-element-a8dd7d3\" data-id=\"a8dd7d3\" data-element_type=\"column\">\n\t\t\t<div class=\"elementor-widget-wrap elementor-element-populated\">\n\t\t\t\t\t\t<div class=\"elementor-element elementor-element-4070ce6 elementor-widget elementor-widget-image\" data-id=\"4070ce6\" data-element_type=\"widget\" data-widget_type=\"image.default\">\n\t\t\t\t<div class=\"elementor-widget-container\">\n\t\t\t\t\t\t\t\t\t\t\t\t\t\t\t\t<a href=\"https:\/\/jornaldaregiao.com\/ajustes\/wp-content\/uploads\/2021\/02\/AssinaturasJR.jpeg\">\n\t\t\t\t\t\t\t<img fetchpriority=\"high\" decoding=\"async\" width=\"1024\" height=\"269\" src=\"https:\/\/jornaldaregiao.com\/ajustes\/wp-content\/uploads\/2021\/02\/AssinaturasJR-1024x269.jpeg\" class=\"attachment-large size-large wp-image-25219\" alt=\"AssinaturasJR\" srcset=\"https:\/\/jornaldaregiao.com\/ajustes\/wp-content\/uploads\/2021\/02\/AssinaturasJR-1024x269.jpeg 1024w, https:\/\/jornaldaregiao.com\/ajustes\/wp-content\/uploads\/2021\/02\/AssinaturasJR-300x79.jpeg 300w, https:\/\/jornaldaregiao.com\/ajustes\/wp-content\/uploads\/2021\/02\/AssinaturasJR-768x202.jpeg 768w, https:\/\/jornaldaregiao.com\/ajustes\/wp-content\/uploads\/2021\/02\/AssinaturasJR-600x158.jpeg 600w, https:\/\/jornaldaregiao.com\/ajustes\/wp-content\/uploads\/2021\/02\/AssinaturasJR.jpeg 1280w\" sizes=\"(max-width: 1024px) 100vw, 1024px\" \/>\t\t\t\t\t\t\t\t<\/a>\n\t\t\t\t\t\t\t\t\t\t\t\t\t\t\t<\/div>\n\t\t\t\t<\/div>\n\t\t\t\t\t<\/div>\n\t\t<\/div>\n\t\t\t\t\t<\/div>\n\t\t<\/section>\n\t\t\t\t<section class=\"elementor-section elementor-top-section elementor-element elementor-element-3c7e674f elementor-section-boxed elementor-section-height-default elementor-section-height-default\" data-id=\"3c7e674f\" data-element_type=\"section\">\n\t\t\t\t\t\t<div class=\"elementor-container elementor-column-gap-default\">\n\t\t\t\t\t<div class=\"elementor-column elementor-col-100 elementor-top-column elementor-element elementor-element-5efb352\" data-id=\"5efb352\" data-element_type=\"column\">\n\t\t\t<div class=\"elementor-widget-wrap\">\n\t\t\t\t\t\t\t<\/div>\n\t\t<\/div>\n\t\t\t\t\t<\/div>\n\t\t<\/section>\n\t\t\t\t<section class=\"elementor-section elementor-top-section elementor-element elementor-element-4e850a64 elementor-section-boxed elementor-section-height-default elementor-section-height-default\" data-id=\"4e850a64\" data-element_type=\"section\">\n\t\t\t\t\t\t<div class=\"elementor-container elementor-column-gap-default\">\n\t\t\t\t\t<div class=\"elementor-column elementor-col-50 elementor-top-column elementor-element elementor-element-18746b3e\" data-id=\"18746b3e\" data-element_type=\"column\">\n\t\t\t<div class=\"elementor-widget-wrap elementor-element-populated\">\n\t\t\t\t\t\t<section class=\"elementor-section elementor-inner-section elementor-element elementor-element-7df62d92 elementor-section-boxed elementor-section-height-default elementor-section-height-default\" data-id=\"7df62d92\" data-element_type=\"section\">\n\t\t\t\t\t\t<div class=\"elementor-container elementor-column-gap-default\">\n\t\t\t\t\t<div class=\"elementor-column elementor-col-100 elementor-inner-column elementor-element elementor-element-1bb63a75\" data-id=\"1bb63a75\" data-element_type=\"column\">\n\t\t\t<div class=\"elementor-widget-wrap elementor-element-populated\">\n\t\t\t\t\t\t<div class=\"elementor-element elementor-element-d78e7b9 elementor-widget elementor-widget-video\" data-id=\"d78e7b9\" data-element_type=\"widget\" data-settings=\"{&quot;video_type&quot;:&quot;hosted&quot;,&quot;autoplay&quot;:&quot;yes&quot;,&quot;mute&quot;:&quot;yes&quot;,&quot;loop&quot;:&quot;yes&quot;}\" data-widget_type=\"video.default\">\n\t\t\t\t<div class=\"elementor-widget-container\">\n\t\t\t\t\t\t\t<div class=\"e-hosted-video elementor-wrapper elementor-open-inline\">\n\t\t\t\t\t<video class=\"elementor-video\" src=\"https:\/\/www.facebook.com\/647839528640060\/videos\/1024396177740174\" autoplay=\"\" loop=\"\" muted=\"muted\" controlsList=\"nodownload\"><\/video>\n\t\t\t\t<\/div>\n\t\t\t\t\t\t<\/div>\n\t\t\t\t<\/div>\n\t\t\t\t\t<\/div>\n\t\t<\/div>\n\t\t\t\t\t<\/div>\n\t\t<\/section>\n\t\t\t\t\t<\/div>\n\t\t<\/div>\n\t\t\t\t<div class=\"elementor-column elementor-col-50 elementor-top-column elementor-element elementor-element-6ffbe0d4\" data-id=\"6ffbe0d4\" data-element_type=\"column\">\n\t\t\t<div class=\"elementor-widget-wrap elementor-element-populated\">\n\t\t\t\t\t\t\t<\/div>\n\t\t<\/div>\n\t\t\t\t\t<\/div>\n\t\t<\/section>\n\t\t\t\t<\/div>\n\t\t","protected":false},"excerpt":{"rendered":"<p>&#8220;,&#8221;nextArrow&#8221;:&#8221;&#8220;,&#8221;autoplay&#8221;:true,&#8221;autoplaySpeed&#8221;:6000,&#8221;rtl&#8221;:false}&#8217; dir=&#8221;ltr&#8221;> DestaqueGeral 29 de mar\u00e7o de 2021 A hist\u00f3ria de Euclides da Cunha atrav\u00e9s de seus familiares Um novo lado da obra e vida do escritor cantagalense&#8230; DestaqueGeral 29 de mar\u00e7o de 2021 Cimento Mau\u00e1, em 1996, inaugurou memorial em homenagem a Euclides da Cunha, no local onde nasceu O jornalista e escritor Euclides [&hellip;]<\/p>\n","protected":false},"author":1,"featured_media":0,"parent":0,"menu_order":0,"comment_status":"closed","ping_status":"closed","template":"page-templates\/fullwidth-content.php","meta":{"footnotes":""},"class_list":["post-4","page","type-page","status-publish","hentry"],"_links":{"self":[{"href":"https:\/\/jornaldaregiao.com\/ajustes\/wp-json\/wp\/v2\/pages\/4","targetHints":{"allow":["GET"]}}],"collection":[{"href":"https:\/\/jornaldaregiao.com\/ajustes\/wp-json\/wp\/v2\/pages"}],"about":[{"href":"https:\/\/jornaldaregiao.com\/ajustes\/wp-json\/wp\/v2\/types\/page"}],"author":[{"embeddable":true,"href":"https:\/\/jornaldaregiao.com\/ajustes\/wp-json\/wp\/v2\/users\/1"}],"replies":[{"embeddable":true,"href":"https:\/\/jornaldaregiao.com\/ajustes\/wp-json\/wp\/v2\/comments?post=4"}],"version-history":[{"count":355,"href":"https:\/\/jornaldaregiao.com\/ajustes\/wp-json\/wp\/v2\/pages\/4\/revisions"}],"predecessor-version":[{"id":26766,"href":"https:\/\/jornaldaregiao.com\/ajustes\/wp-json\/wp\/v2\/pages\/4\/revisions\/26766"}],"wp:attachment":[{"href":"https:\/\/jornaldaregiao.com\/ajustes\/wp-json\/wp\/v2\/media?parent=4"}],"curies":[{"name":"wp","href":"https:\/\/api.w.org\/{rel}","templated":true}]}}