{"id":7928,"date":"2019-06-12T12:08:40","date_gmt":"2019-06-12T15:08:40","guid":{"rendered":"http:\/\/playartedesign.com\/jornaldaregiao\/?page_id=7928"},"modified":"2019-06-18T19:06:45","modified_gmt":"2019-06-18T22:06:45","slug":"noticias","status":"publish","type":"page","link":"https:\/\/jornaldaregiao.com\/ajustes\/noticias\/","title":{"rendered":"Not\u00edcias"},"content":{"rendered":"\t\t<div data-elementor-type=\"wp-post\" data-elementor-id=\"7928\" class=\"elementor elementor-7928\">\n\t\t\t\t\t\t<section class=\"elementor-section elementor-top-section elementor-element elementor-element-d371973 elementor-section-boxed elementor-section-height-default elementor-section-height-default\" data-id=\"d371973\" data-element_type=\"section\">\n\t\t\t\t\t\t<div class=\"elementor-container elementor-column-gap-default\">\n\t\t\t\t\t<div class=\"elementor-column elementor-col-50 elementor-top-column elementor-element elementor-element-e5191a7\" data-id=\"e5191a7\" data-element_type=\"column\">\n\t\t\t<div class=\"elementor-widget-wrap\">\n\t\t\t\t\t\t\t<\/div>\n\t\t<\/div>\n\t\t\t\t<div class=\"elementor-column elementor-col-50 elementor-top-column elementor-element elementor-element-af54a15\" data-id=\"af54a15\" data-element_type=\"column\">\n\t\t\t<div class=\"elementor-widget-wrap elementor-element-populated\">\n\t\t\t\t\t\t\t<\/div>\n\t\t<\/div>\n\t\t\t\t\t<\/div>\n\t\t<\/section>\n\t\t\t\t<\/div>\n\t\t","protected":false},"excerpt":{"rendered":"<p>TODAS AS NOT\u00cdCIAS apagar ap\u00f3s inserir outras not\u00edcias18 de junho de 2019Continue lendo Sal\u00e1rio de prefeitos e secret\u00e1rios em Trajano24 de agosto de 2016A Mesa Diretora da C\u00e2mara de Trajano de Moraes aprovou os subs\u00eddios mensais do prefeito, vice-prefeito e dos secret\u00e1rios municipais para a Legislatura 2017-2020, iniciando em 1\u00ba de janeiro de 2017. O [&hellip;]<\/p>\n","protected":false},"author":1,"featured_media":0,"parent":0,"menu_order":0,"comment_status":"closed","ping_status":"closed","template":"elementor_header_footer","meta":{"footnotes":""},"class_list":["post-7928","page","type-page","status-publish","hentry"],"_links":{"self":[{"href":"https:\/\/jornaldaregiao.com\/ajustes\/wp-json\/wp\/v2\/pages\/7928","targetHints":{"allow":["GET"]}}],"collection":[{"href":"https:\/\/jornaldaregiao.com\/ajustes\/wp-json\/wp\/v2\/pages"}],"about":[{"href":"https:\/\/jornaldaregiao.com\/ajustes\/wp-json\/wp\/v2\/types\/page"}],"author":[{"embeddable":true,"href":"https:\/\/jornaldaregiao.com\/ajustes\/wp-json\/wp\/v2\/users\/1"}],"replies":[{"embeddable":true,"href":"https:\/\/jornaldaregiao.com\/ajustes\/wp-json\/wp\/v2\/comments?post=7928"}],"version-history":[{"count":4,"href":"https:\/\/jornaldaregiao.com\/ajustes\/wp-json\/wp\/v2\/pages\/7928\/revisions"}],"predecessor-version":[{"id":8311,"href":"https:\/\/jornaldaregiao.com\/ajustes\/wp-json\/wp\/v2\/pages\/7928\/revisions\/8311"}],"wp:attachment":[{"href":"https:\/\/jornaldaregiao.com\/ajustes\/wp-json\/wp\/v2\/media?parent=7928"}],"curies":[{"name":"wp","href":"https:\/\/api.w.org\/{rel}","templated":true}]}}