{"id":7930,"date":"2019-06-12T12:09:01","date_gmt":"2019-06-12T15:09:01","guid":{"rendered":"http:\/\/playartedesign.com\/jornaldaregiao\/?page_id=7930"},"modified":"2019-07-05T10:54:34","modified_gmt":"2019-07-05T13:54:34","slug":"colunas","status":"publish","type":"page","link":"https:\/\/jornaldaregiao.com\/ajustes\/colunas\/","title":{"rendered":"Colunas"},"content":{"rendered":"\t\t<div data-elementor-type=\"wp-post\" data-elementor-id=\"7930\" class=\"elementor elementor-7930\">\n\t\t\t\t\t\t<section class=\"elementor-section elementor-top-section elementor-element elementor-element-c3b782a elementor-section-boxed elementor-section-height-default elementor-section-height-default\" data-id=\"c3b782a\" data-element_type=\"section\">\n\t\t\t\t\t\t<div class=\"elementor-container elementor-column-gap-default\">\n\t\t\t\t\t<div class=\"elementor-column elementor-col-50 elementor-top-column elementor-element elementor-element-a8db16b\" data-id=\"a8db16b\" data-element_type=\"column\">\n\t\t\t<div class=\"elementor-widget-wrap\">\n\t\t\t\t\t\t\t<\/div>\n\t\t<\/div>\n\t\t\t\t<div class=\"elementor-column elementor-col-50 elementor-top-column elementor-element elementor-element-8a40ef7\" data-id=\"8a40ef7\" data-element_type=\"column\">\n\t\t\t<div class=\"elementor-widget-wrap elementor-element-populated\">\n\t\t\t\t\t\t\t<\/div>\n\t\t<\/div>\n\t\t\t\t\t<\/div>\n\t\t<\/section>\n\t\t\t\t<\/div>\n\t\t","protected":false},"excerpt":{"rendered":"<p>COLUNAS TodasArtigoAtos e FatosColuna do VereadorEspa\u00e7o MulherInforme JRInforme Rural Destaques \u2013 Atos e Fatos \u2013 Edi\u00e7\u00e3o 14824 de julho de 2019O advogado e propriet\u00e1rio rural em Euclidel\u00e2ndia, Fabr\u00edcio Gaspar, com sua esposa, Ana Paula Silva Ism\u00e9rio, que \u00e9 de Boa Sorte, fizeram um passeio pelo estado da Para\u00edba, na Praia do Jacar\u00e9 no dia 26 [&hellip;]<\/p>\n","protected":false},"author":1,"featured_media":0,"parent":0,"menu_order":0,"comment_status":"closed","ping_status":"closed","template":"elementor_header_footer","meta":{"footnotes":""},"class_list":["post-7930","page","type-page","status-publish","hentry"],"_links":{"self":[{"href":"https:\/\/jornaldaregiao.com\/ajustes\/wp-json\/wp\/v2\/pages\/7930","targetHints":{"allow":["GET"]}}],"collection":[{"href":"https:\/\/jornaldaregiao.com\/ajustes\/wp-json\/wp\/v2\/pages"}],"about":[{"href":"https:\/\/jornaldaregiao.com\/ajustes\/wp-json\/wp\/v2\/types\/page"}],"author":[{"embeddable":true,"href":"https:\/\/jornaldaregiao.com\/ajustes\/wp-json\/wp\/v2\/users\/1"}],"replies":[{"embeddable":true,"href":"https:\/\/jornaldaregiao.com\/ajustes\/wp-json\/wp\/v2\/comments?post=7930"}],"version-history":[{"count":3,"href":"https:\/\/jornaldaregiao.com\/ajustes\/wp-json\/wp\/v2\/pages\/7930\/revisions"}],"predecessor-version":[{"id":8691,"href":"https:\/\/jornaldaregiao.com\/ajustes\/wp-json\/wp\/v2\/pages\/7930\/revisions\/8691"}],"wp:attachment":[{"href":"https:\/\/jornaldaregiao.com\/ajustes\/wp-json\/wp\/v2\/media?parent=7930"}],"curies":[{"name":"wp","href":"https:\/\/api.w.org\/{rel}","templated":true}]}}