{"id":8074,"date":"2019-06-16T13:35:43","date_gmt":"2019-06-16T16:35:43","guid":{"rendered":"http:\/\/playartedesign.com\/jornaldaregiao\/?page_id=8074"},"modified":"2019-06-18T18:25:08","modified_gmt":"2019-06-18T21:25:08","slug":"politica","status":"publish","type":"page","link":"https:\/\/jornaldaregiao.com\/ajustes\/politica\/","title":{"rendered":"POL\u00cdTICA"},"content":{"rendered":"\t\t<div data-elementor-type=\"wp-post\" data-elementor-id=\"8074\" class=\"elementor elementor-8074\">\n\t\t\t\t\t\t<section class=\"elementor-section elementor-top-section elementor-element elementor-element-d9b77e4 elementor-section-boxed elementor-section-height-default elementor-section-height-default\" data-id=\"d9b77e4\" data-element_type=\"section\">\n\t\t\t\t\t\t<div class=\"elementor-container elementor-column-gap-default\">\n\t\t\t\t\t<div class=\"elementor-column elementor-col-50 elementor-top-column elementor-element elementor-element-31d3a10\" data-id=\"31d3a10\" data-element_type=\"column\">\n\t\t\t<div class=\"elementor-widget-wrap\">\n\t\t\t\t\t\t\t<\/div>\n\t\t<\/div>\n\t\t\t\t<div class=\"elementor-column elementor-col-50 elementor-top-column elementor-element elementor-element-cfdaeed\" data-id=\"cfdaeed\" data-element_type=\"column\">\n\t\t\t<div class=\"elementor-widget-wrap elementor-element-populated\">\n\t\t\t\t\t\t\t<\/div>\n\t\t<\/div>\n\t\t\t\t\t<\/div>\n\t\t<\/section>\n\t\t\t\t<\/div>\n\t\t","protected":false},"excerpt":{"rendered":"<p>POL\u00cdTICA Itaocara tem 130 candidatos a Vereador24 de agosto de 2016Em Itaocara, s\u00e3o 130 candidatos a vereador. S\u00e3o 19.315 eleitores que eleger\u00e3o 11 vereadores na elei\u00e7\u00e3o de outubro deste ano.ELEI\u00c7\u00d5ES MUNICIPAIS 2016 &#8211; Rela\u00e7\u00e3o de Candidatos a VereadorNome na Urna&nbsp;Nome Completo&nbsp;N\u00ba&nbsp;Situa\u00e7\u00e3o&nbsp;PartidoColiga\u00e7\u00e3o&nbsp;&nbsp;ABIGAILABIGAIL ALVES DA SILVA SANTIAGO55261DeferidoPSDPSD-PPSADRIANA COSTAADRIANA BARBOSA DA COSTA AGUIAR22022DeferidoPRRENOVA ITAOCARAALEX AGUIARALEX SANDRO LIMA DE [&hellip;]<\/p>\n","protected":false},"author":1,"featured_media":0,"parent":0,"menu_order":0,"comment_status":"closed","ping_status":"closed","template":"elementor_header_footer","meta":{"footnotes":""},"class_list":["post-8074","page","type-page","status-publish","hentry"],"_links":{"self":[{"href":"https:\/\/jornaldaregiao.com\/ajustes\/wp-json\/wp\/v2\/pages\/8074","targetHints":{"allow":["GET"]}}],"collection":[{"href":"https:\/\/jornaldaregiao.com\/ajustes\/wp-json\/wp\/v2\/pages"}],"about":[{"href":"https:\/\/jornaldaregiao.com\/ajustes\/wp-json\/wp\/v2\/types\/page"}],"author":[{"embeddable":true,"href":"https:\/\/jornaldaregiao.com\/ajustes\/wp-json\/wp\/v2\/users\/1"}],"replies":[{"embeddable":true,"href":"https:\/\/jornaldaregiao.com\/ajustes\/wp-json\/wp\/v2\/comments?post=8074"}],"version-history":[{"count":2,"href":"https:\/\/jornaldaregiao.com\/ajustes\/wp-json\/wp\/v2\/pages\/8074\/revisions"}],"predecessor-version":[{"id":8274,"href":"https:\/\/jornaldaregiao.com\/ajustes\/wp-json\/wp\/v2\/pages\/8074\/revisions\/8274"}],"wp:attachment":[{"href":"https:\/\/jornaldaregiao.com\/ajustes\/wp-json\/wp\/v2\/media?parent=8074"}],"curies":[{"name":"wp","href":"https:\/\/api.w.org\/{rel}","templated":true}]}}