{"id":8080,"date":"2019-06-16T13:39:20","date_gmt":"2019-06-16T16:39:20","guid":{"rendered":"http:\/\/playartedesign.com\/jornaldaregiao\/?page_id=8080"},"modified":"2019-06-18T18:51:26","modified_gmt":"2019-06-18T21:51:26","slug":"esporte","status":"publish","type":"page","link":"https:\/\/jornaldaregiao.com\/ajustes\/esporte\/","title":{"rendered":"ESPORTE"},"content":{"rendered":"\t\t<div data-elementor-type=\"wp-post\" data-elementor-id=\"8080\" class=\"elementor elementor-8080\">\n\t\t\t\t\t\t<section class=\"elementor-section elementor-top-section elementor-element elementor-element-493dfc0 elementor-section-boxed elementor-section-height-default elementor-section-height-default\" data-id=\"493dfc0\" data-element_type=\"section\">\n\t\t\t\t\t\t<div class=\"elementor-container elementor-column-gap-default\">\n\t\t\t\t\t<div class=\"elementor-column elementor-col-50 elementor-top-column elementor-element elementor-element-9336052\" data-id=\"9336052\" data-element_type=\"column\">\n\t\t\t<div class=\"elementor-widget-wrap\">\n\t\t\t\t\t\t\t<\/div>\n\t\t<\/div>\n\t\t\t\t<div class=\"elementor-column elementor-col-50 elementor-top-column elementor-element elementor-element-dd973c3\" data-id=\"dd973c3\" data-element_type=\"column\">\n\t\t\t<div class=\"elementor-widget-wrap elementor-element-populated\">\n\t\t\t\t\t\t\t<\/div>\n\t\t<\/div>\n\t\t\t\t\t<\/div>\n\t\t<\/section>\n\t\t\t\t<\/div>\n\t\t","protected":false},"excerpt":{"rendered":"<p>ESPORTE Encontro de MTB re\u00fane mais de 270 ciclistas24 de agosto de 2016No dia 7 de agosto, foi realizado o Primeiro Encontro de Mountain Bike (MTB) de Cordeiro. A largada foi no Parque de Exposi\u00e7\u00f5es Raul Veiga, no Centro da cidade. Os participantes, que chegaram a 270 ciclistas, tiveram direito a caf\u00e9 e almo\u00e7o. Diversas [&hellip;]<\/p>\n","protected":false},"author":1,"featured_media":0,"parent":0,"menu_order":0,"comment_status":"closed","ping_status":"closed","template":"elementor_header_footer","meta":{"footnotes":""},"class_list":["post-8080","page","type-page","status-publish","hentry"],"_links":{"self":[{"href":"https:\/\/jornaldaregiao.com\/ajustes\/wp-json\/wp\/v2\/pages\/8080","targetHints":{"allow":["GET"]}}],"collection":[{"href":"https:\/\/jornaldaregiao.com\/ajustes\/wp-json\/wp\/v2\/pages"}],"about":[{"href":"https:\/\/jornaldaregiao.com\/ajustes\/wp-json\/wp\/v2\/types\/page"}],"author":[{"embeddable":true,"href":"https:\/\/jornaldaregiao.com\/ajustes\/wp-json\/wp\/v2\/users\/1"}],"replies":[{"embeddable":true,"href":"https:\/\/jornaldaregiao.com\/ajustes\/wp-json\/wp\/v2\/comments?post=8080"}],"version-history":[{"count":2,"href":"https:\/\/jornaldaregiao.com\/ajustes\/wp-json\/wp\/v2\/pages\/8080\/revisions"}],"predecessor-version":[{"id":8272,"href":"https:\/\/jornaldaregiao.com\/ajustes\/wp-json\/wp\/v2\/pages\/8080\/revisions\/8272"}],"wp:attachment":[{"href":"https:\/\/jornaldaregiao.com\/ajustes\/wp-json\/wp\/v2\/media?parent=8080"}],"curies":[{"name":"wp","href":"https:\/\/api.w.org\/{rel}","templated":true}]}}